{"id":2,"date":"2013-06-30T08:40:58","date_gmt":"2013-06-30T08:40:58","guid":{"rendered":"http:\/\/medicdat.eu\/?page_id=2"},"modified":"2013-06-30T08:50:15","modified_gmt":"2013-06-30T08:50:15","slug":"sample-page","status":"publish","type":"page","link":"http:\/\/medicdat.eu\/?page_id=2","title":{"rendered":"Impressum"},"content":{"rendered":"<h1>Verantwortlich f\u00fcr den Inhalt<\/h1>\n<p>PD Dr. med. C.-M. Reng<br \/>\nMedicDAT GmbH<br \/>\n<strong>Sitz der Gesellschaft:<\/strong> Kreuzstra\u00dfe 21 D-93077 Poikam<br \/>\nHandelsregister: Amtsgericht Regensburg, HRB 7585 Ust-ID: DE212898181<\/p>\n<h1>Kontoverbindung<\/h1>\n<p>Sparkasse Regensburg (BLZ 750 500 00) Konto-Nr. 898 445 2<br \/>\nIBAN: DE42 7505 0000 0008 9844 52 BIC: BYLADEM1RGB<\/p>\n<h1>Haftung \/ Copyright<\/h1>\n<p>Die Inhalte dieser Site wurden mit gro\u00dfer Sorgfalt zusammengestellt. Eine Haftung f\u00fcr die Richtigkeit der auf dieser Site wiedergegebenen Informationen, f\u00fcr die Funktionsf\u00e4higkeit der angebotenen Software, oder eine Haftung f\u00fcr die Richtigkeit wiedergegebenen Informationen, aus der von dieser Site bezogenen Programmen, wird jedoch nicht \u00fcbernommen.<\/p>\n<p>In den F\u00e4llen, in denen von dieser Website aus auf Inhalte anderer Websites verwiesen wird (sog. Links), soll eine derartige Angabe nur dem Besucher dieser Site helfen, im Zusammenhang wichtige Informationen leichter zu finden. Eine Haftung f\u00fcr die von MedicDAT nicht kontrollierbaren Inhalte solcher verlinkter Seiten kann nicht \u00fcbernommen werden. \u00a0 Die Inhalte dieser Internet-Site sind \u2013 au\u00dfer dies ist explizit erw\u00e4hnt \u2013 Eigentum der MedicDAT GmbH und unterliegen den Regelungen des Urheberschutzrechtes. Unabh\u00e4ngig von der Kostenpflichtigkeit der angebotenen Inhalte ist es in jedem Fall nur mit schriftlicher Genehmigung der MedicDAT GmbH zul\u00e4ssig, den Inhalt dieser Website oder Teile davon an anderer Stelle wiederzugeben bzw. zum Download zur Verf\u00fcgung zu stellen.<\/p>\n","protected":false},"excerpt":{"rendered":"<p>Verantwortlich f\u00fcr den Inhalt PD Dr. med. C.-M. Reng MedicDAT GmbH Sitz der Gesellschaft: Kreuzstra\u00dfe 21 D-93077 Poikam Handelsregister: Amtsgericht Regensburg, HRB 7585 Ust-ID: DE212898181 Kontoverbindung Sparkasse Regensburg (BLZ 750 500 00) Konto-Nr. 898 445 2 IBAN: DE42 7505 0000 0008 9844 52 BIC: BYLADEM1RGB Haftung \/ Copyright Die Inhalte dieser Site wurden mit gro\u00dfer [&hellip;]<\/p>\n","protected":false},"author":1,"featured_media":0,"parent":0,"menu_order":0,"comment_status":"closed","ping_status":"closed","template":"","meta":{"footnotes":""},"class_list":["post-2","page","type-page","status-publish","hentry"],"_links":{"self":[{"href":"http:\/\/medicdat.eu\/index.php?rest_route=\/wp\/v2\/pages\/2","targetHints":{"allow":["GET"]}}],"collection":[{"href":"http:\/\/medicdat.eu\/index.php?rest_route=\/wp\/v2\/pages"}],"about":[{"href":"http:\/\/medicdat.eu\/index.php?rest_route=\/wp\/v2\/types\/page"}],"author":[{"embeddable":true,"href":"http:\/\/medicdat.eu\/index.php?rest_route=\/wp\/v2\/users\/1"}],"replies":[{"embeddable":true,"href":"http:\/\/medicdat.eu\/index.php?rest_route=%2Fwp%2Fv2%2Fcomments&post=2"}],"version-history":[{"count":4,"href":"http:\/\/medicdat.eu\/index.php?rest_route=\/wp\/v2\/pages\/2\/revisions"}],"predecessor-version":[{"id":11,"href":"http:\/\/medicdat.eu\/index.php?rest_route=\/wp\/v2\/pages\/2\/revisions\/11"}],"wp:attachment":[{"href":"http:\/\/medicdat.eu\/index.php?rest_route=%2Fwp%2Fv2%2Fmedia&parent=2"}],"curies":[{"name":"wp","href":"https:\/\/api.w.org\/{rel}","templated":true}]}}